{"id":1922,"date":"2022-12-02T22:52:10","date_gmt":"2022-12-02T22:52:10","guid":{"rendered":"https:\/\/arquerosvirreyes.com\/?page_id=1922"},"modified":"2022-12-03T16:19:56","modified_gmt":"2022-12-03T22:19:56","slug":"quienes-somos","status":"publish","type":"page","link":"https:\/\/arquerosvirreyes.com\/index.php\/quienes-somos\/","title":{"rendered":"Quienes  somos"},"content":{"rendered":"\n<div class=\"wp-block-uagb-container uagb-block-f6c9a06f default uagb-is-root-container\">\n<div class=\"wp-block-cover\" style=\"min-height:250px;aspect-ratio:unset;\"><span aria-hidden=\"true\" class=\"wp-block-cover__background has-background-dim-10 has-background-dim\"><\/span><img loading=\"lazy\" decoding=\"async\" width=\"1024\" height=\"576\" class=\"wp-block-cover__image-background wp-image-1954\" alt=\"\" src=\"http:\/\/arquerosvirreyes.com\/wp-content\/uploads\/2022\/12\/blanco3-1024x576.jpg\" style=\"object-position:51% 36%\" data-object-fit=\"cover\" data-object-position=\"51% 36%\" srcset=\"https:\/\/arquerosvirreyes.com\/wp-content\/uploads\/2022\/12\/blanco3-1024x576.jpg 1024w, https:\/\/arquerosvirreyes.com\/wp-content\/uploads\/2022\/12\/blanco3-300x169.jpg 300w, https:\/\/arquerosvirreyes.com\/wp-content\/uploads\/2022\/12\/blanco3-768x432.jpg 768w, https:\/\/arquerosvirreyes.com\/wp-content\/uploads\/2022\/12\/blanco3-1536x864.jpg 1536w, https:\/\/arquerosvirreyes.com\/wp-content\/uploads\/2022\/12\/blanco3-2048x1152.jpg 2048w\" sizes=\"auto, (max-width: 1024px) 100vw, 1024px\" \/><div class=\"wp-block-cover__inner-container is-layout-flow wp-block-cover-is-layout-flow\">\n<p class=\"has-text-align-center has-large-font-size\">Quienes somos<\/p>\n<\/div><\/div>\n<\/div>\n\n\n\n<div style=\"height:3px\" aria-hidden=\"true\" class=\"wp-block-spacer\"><\/div>\n\n\n\n<p>Arqueros Virreyes, A.C. es una asociaci\u00f3n sin fines de lucro y formada por mismos arqueros que  se creo con la finalidad de recuperar el Campo de Tiro con Arco Virreyes y lograr un espacio para practicar la arquer\u00eda en todas sus modalidades a bajo costo y para cualquier edad.<\/p>\n\n\n\n<p>Esto fue posible gracias al apoyo incondicional tanto econ\u00f3mico como de trabajo de muchos de sus arqueros, que por muchos a\u00f1os hab\u00edan aprendido y practicado en este lugar.  Arqueros Virreyes  agradece en especial el apoyo del Bosque de Chapultepec y su Patronato al permitirnos usar, cuidar y disfrutar este lugar tan especial que en este 2023 cumple 50 a\u00f1os. <\/p>\n\n\n\n<div style=\"height:14px\" aria-hidden=\"true\" class=\"wp-block-spacer\"><\/div>\n\n\n\n<p>Arqueros Virreyes, promueve  eventos para poder difundir mas esta actividad, que los arqueros mejoren su nivel competitivo, ademas de que las cooperaciones de los participantes sirven mantener y mejorar nuestras instalaciones; lo anterior se logra tambi\u00e9n gracias a que muchos socios siguen ayudando en su organizaci\u00f3n as\u00ed como a los clubs que en este campo han encontrado un lugar ideal para practicar, competir y convivir disfrutando este deporte en un agradable ambiente familiar.  Por ello es que decimos Arqueros Virreyes \/ Arqueria para todos.<\/p>\n\n\n\n<div style=\"height:25px\" aria-hidden=\"true\" class=\"wp-block-spacer\"><\/div>\n\n\n\n<p>Si estas interesado en aprender esta actividad, o buscas un lugar donde practicarla, mejorar tu t\u00e9cnica o encontrar nuevos amigos, este es un lugar ideal.  Te esperamos <\/p>\n\n\n\n<p><\/p>\n\n\n\n<div class=\"wp-block-columns is-layout-flex wp-container-core-columns-is-layout-28f84493 wp-block-columns-is-layout-flex\">\n<div class=\"wp-block-column is-layout-flow wp-block-column-is-layout-flow\">\n<figure class=\"wp-block-image aligncenter size-full is-resized\"><img loading=\"lazy\" decoding=\"async\" src=\"https:\/\/arquerosvirreyes.com\/wp-content\/uploads\/2022\/12\/VodooDollsLogo-1.png\" alt=\"\" class=\"wp-image-1934\" width=\"106\" height=\"116\" srcset=\"https:\/\/arquerosvirreyes.com\/wp-content\/uploads\/2022\/12\/VodooDollsLogo-1.png 565w, https:\/\/arquerosvirreyes.com\/wp-content\/uploads\/2022\/12\/VodooDollsLogo-1-272x300.png 272w\" sizes=\"auto, (max-width: 106px) 100vw, 106px\" \/><\/figure>\n<\/div>\n\n\n\n<div class=\"wp-block-column is-layout-flow wp-block-column-is-layout-flow\">\n<figure class=\"wp-block-image aligncenter size-full is-resized\"><img loading=\"lazy\" decoding=\"async\" src=\"https:\/\/arquerosvirreyes.com\/wp-content\/uploads\/2022\/12\/Arcarius.png\" alt=\"\" class=\"wp-image-1924\" width=\"190\" height=\"78\" srcset=\"https:\/\/arquerosvirreyes.com\/wp-content\/uploads\/2022\/12\/Arcarius.png 706w, https:\/\/arquerosvirreyes.com\/wp-content\/uploads\/2022\/12\/Arcarius-300x124.png 300w\" sizes=\"auto, (max-width: 190px) 100vw, 190px\" \/><\/figure>\n<\/div>\n\n\n\n<div class=\"wp-block-column is-layout-flow wp-block-column-is-layout-flow\">\n<figure class=\"wp-block-image aligncenter size-full is-resized\"><img loading=\"lazy\" decoding=\"async\" src=\"https:\/\/arquerosvirreyes.com\/wp-content\/uploads\/2022\/12\/OSCLOGO.png\" alt=\"\" class=\"wp-image-1925\" width=\"133\" height=\"95\" srcset=\"https:\/\/arquerosvirreyes.com\/wp-content\/uploads\/2022\/12\/OSCLOGO.png 438w, https:\/\/arquerosvirreyes.com\/wp-content\/uploads\/2022\/12\/OSCLOGO-300x216.png 300w\" sizes=\"auto, (max-width: 133px) 100vw, 133px\" \/><\/figure>\n<\/div>\n<\/div>\n\n\n\n<div class=\"wp-block-columns is-layout-flex wp-container-core-columns-is-layout-28f84493 wp-block-columns-is-layout-flex\">\n<div class=\"wp-block-column is-layout-flow wp-block-column-is-layout-flow\">\n<figure class=\"wp-block-image aligncenter size-full is-resized\"><img loading=\"lazy\" decoding=\"async\" src=\"https:\/\/arquerosvirreyes.com\/wp-content\/uploads\/2022\/12\/ArquerosTradLogo.png\" alt=\"\" class=\"wp-image-1926\" width=\"138\" height=\"131\" srcset=\"https:\/\/arquerosvirreyes.com\/wp-content\/uploads\/2022\/12\/ArquerosTradLogo.png 456w, https:\/\/arquerosvirreyes.com\/wp-content\/uploads\/2022\/12\/ArquerosTradLogo-300x287.png 300w\" sizes=\"auto, (max-width: 138px) 100vw, 138px\" \/><\/figure>\n<\/div>\n\n\n\n<div class=\"wp-block-column is-layout-flow wp-block-column-is-layout-flow\">\n<figure class=\"wp-block-image aligncenter size-full is-resized\"><img loading=\"lazy\" decoding=\"async\" src=\"https:\/\/arquerosvirreyes.com\/wp-content\/uploads\/2022\/12\/CastoresLogo.png\" alt=\"\" class=\"wp-image-1927\" width=\"85\" height=\"121\"\/><\/figure>\n<\/div>\n\n\n\n<div class=\"wp-block-column is-layout-flow wp-block-column-is-layout-flow\">\n<figure class=\"wp-block-image aligncenter size-full is-resized\"><img loading=\"lazy\" decoding=\"async\" src=\"https:\/\/arquerosvirreyes.com\/wp-content\/uploads\/2022\/12\/ursus.png\" alt=\"\" class=\"wp-image-1928\" width=\"74\" height=\"127\" srcset=\"https:\/\/arquerosvirreyes.com\/wp-content\/uploads\/2022\/12\/ursus.png 392w, https:\/\/arquerosvirreyes.com\/wp-content\/uploads\/2022\/12\/ursus-174x300.png 174w\" sizes=\"auto, (max-width: 74px) 100vw, 74px\" \/><\/figure>\n<\/div>\n<\/div>\n\n\n\n<div class=\"wp-block-columns is-layout-flex wp-container-core-columns-is-layout-28f84493 wp-block-columns-is-layout-flex\">\n<div class=\"wp-block-column is-layout-flow wp-block-column-is-layout-flow\">\n<figure class=\"wp-block-image aligncenter size-full is-resized\"><img loading=\"lazy\" decoding=\"async\" src=\"https:\/\/arquerosvirreyes.com\/wp-content\/uploads\/2022\/12\/HartoLibraje.png\" alt=\"\" class=\"wp-image-1929\" width=\"94\" height=\"107\" srcset=\"https:\/\/arquerosvirreyes.com\/wp-content\/uploads\/2022\/12\/HartoLibraje.png 436w, https:\/\/arquerosvirreyes.com\/wp-content\/uploads\/2022\/12\/HartoLibraje-263x300.png 263w\" sizes=\"auto, (max-width: 94px) 100vw, 94px\" \/><\/figure>\n<\/div>\n\n\n\n<div class=\"wp-block-column is-layout-flow wp-block-column-is-layout-flow\">\n<figure class=\"wp-block-image aligncenter size-full is-resized\"><img loading=\"lazy\" decoding=\"async\" src=\"https:\/\/arquerosvirreyes.com\/wp-content\/uploads\/2022\/12\/CIMARRONLogo-1.png\" alt=\"\" class=\"wp-image-1935\" width=\"102\" height=\"102\" srcset=\"https:\/\/arquerosvirreyes.com\/wp-content\/uploads\/2022\/12\/CIMARRONLogo-1.png 786w, https:\/\/arquerosvirreyes.com\/wp-content\/uploads\/2022\/12\/CIMARRONLogo-1-300x300.png 300w, https:\/\/arquerosvirreyes.com\/wp-content\/uploads\/2022\/12\/CIMARRONLogo-1-150x150.png 150w, https:\/\/arquerosvirreyes.com\/wp-content\/uploads\/2022\/12\/CIMARRONLogo-1-768x768.png 768w\" sizes=\"auto, (max-width: 102px) 100vw, 102px\" \/><\/figure>\n<\/div>\n\n\n\n<div class=\"wp-block-column is-layout-flow wp-block-column-is-layout-flow\">\n<figure class=\"wp-block-image aligncenter size-full is-resized\"><img loading=\"lazy\" decoding=\"async\" src=\"https:\/\/arquerosvirreyes.com\/wp-content\/uploads\/2022\/12\/Linces.png\" alt=\"\" class=\"wp-image-1931\" width=\"180\" height=\"65\" srcset=\"https:\/\/arquerosvirreyes.com\/wp-content\/uploads\/2022\/12\/Linces.png 872w, https:\/\/arquerosvirreyes.com\/wp-content\/uploads\/2022\/12\/Linces-300x108.png 300w, https:\/\/arquerosvirreyes.com\/wp-content\/uploads\/2022\/12\/Linces-768x276.png 768w\" sizes=\"auto, (max-width: 180px) 100vw, 180px\" \/><\/figure>\n<\/div>\n<\/div>\n\n\n\n<div class=\"wp-block-columns is-layout-flex wp-container-core-columns-is-layout-28f84493 wp-block-columns-is-layout-flex\">\n<div class=\"wp-block-column is-layout-flow wp-block-column-is-layout-flow\"><\/div>\n\n\n\n<div class=\"wp-block-column is-layout-flow wp-block-column-is-layout-flow\">\n<figure class=\"wp-block-image aligncenter size-full is-resized\"><img loading=\"lazy\" decoding=\"async\" src=\"https:\/\/arquerosvirreyes.com\/wp-content\/uploads\/2022\/12\/3CoyotesLogo-1.png\" alt=\"\" class=\"wp-image-1936\" width=\"192\" height=\"91\" srcset=\"https:\/\/arquerosvirreyes.com\/wp-content\/uploads\/2022\/12\/3CoyotesLogo-1.png 593w, https:\/\/arquerosvirreyes.com\/wp-content\/uploads\/2022\/12\/3CoyotesLogo-1-300x143.png 300w\" sizes=\"auto, (max-width: 192px) 100vw, 192px\" \/><\/figure>\n<\/div>\n\n\n\n<div class=\"wp-block-column is-layout-flow wp-block-column-is-layout-flow\"><\/div>\n<\/div>\n","protected":false},"excerpt":{"rendered":"<p>Arqueros Virreyes, A.C. es una asociaci\u00f3n sin fines de lucro y formada por mismos arqueros que se creo con la finalidad de recuperar el Campo de Tiro con Arco Virreyes y lograr un espacio para practicar la arquer\u00eda en todas sus modalidades a bajo costo y para cualquier edad. Esto fue posible gracias al apoyo [&hellip;]<\/p>\n","protected":false},"author":1,"featured_media":0,"parent":0,"menu_order":0,"comment_status":"closed","ping_status":"closed","template":"","meta":{"_uag_custom_page_level_css":"","site-sidebar-layout":"default","site-content-layout":"plain-container","ast-site-content-layout":"","site-content-style":"default","site-sidebar-style":"default","ast-global-header-display":"","ast-banner-title-visibility":"","ast-main-header-display":"","ast-hfb-above-header-display":"","ast-hfb-below-header-display":"","ast-hfb-mobile-header-display":"","site-post-title":"disabled","ast-breadcrumbs-content":"","ast-featured-img":"disabled","footer-sml-layout":"","theme-transparent-header-meta":"","adv-header-id-meta":"","stick-header-meta":"","header-above-stick-meta":"","header-main-stick-meta":"","header-below-stick-meta":"","astra-migrate-meta-layouts":"default","ast-page-background-enabled":"default","ast-page-background-meta":{"desktop":{"background-color":"var(--ast-global-color-4)","background-image":"","background-repeat":"repeat","background-position":"center center","background-size":"auto","background-attachment":"scroll","background-type":"","background-media":"","overlay-type":"","overlay-color":"","overlay-gradient":""},"tablet":{"background-color":"","background-image":"","background-repeat":"repeat","background-position":"center center","background-size":"auto","background-attachment":"scroll","background-type":"","background-media":"","overlay-type":"","overlay-color":"","overlay-gradient":""},"mobile":{"background-color":"","background-image":"","background-repeat":"repeat","background-position":"center center","background-size":"auto","background-attachment":"scroll","background-type":"","background-media":"","overlay-type":"","overlay-color":"","overlay-gradient":""}},"ast-content-background-meta":{"desktop":{"background-color":"var(--ast-global-color-5)","background-image":"","background-repeat":"repeat","background-position":"center center","background-size":"auto","background-attachment":"scroll","background-type":"","background-media":"","overlay-type":"","overlay-color":"","overlay-gradient":""},"tablet":{"background-color":"var(--ast-global-color-5)","background-image":"","background-repeat":"repeat","background-position":"center center","background-size":"auto","background-attachment":"scroll","background-type":"","background-media":"","overlay-type":"","overlay-color":"","overlay-gradient":""},"mobile":{"background-color":"var(--ast-global-color-5)","background-image":"","background-repeat":"repeat","background-position":"center center","background-size":"auto","background-attachment":"scroll","background-type":"","background-media":"","overlay-type":"","overlay-color":"","overlay-gradient":""}},"footnotes":""},"class_list":["post-1922","page","type-page","status-publish","hentry"],"uagb_featured_image_src":{"full":false,"thumbnail":false,"medium":false,"medium_large":false,"large":false,"1536x1536":false,"2048x2048":false},"uagb_author_info":{"display_name":"sgumi.pred","author_link":"https:\/\/arquerosvirreyes.com\/index.php\/author\/sgumi-pred\/"},"uagb_comment_info":0,"uagb_excerpt":"Arqueros Virreyes, A.C. es una asociaci\u00f3n sin fines de lucro y formada por mismos arqueros que se creo con la finalidad de recuperar el Campo de Tiro con Arco Virreyes y lograr un espacio para practicar la arquer\u00eda en todas sus modalidades a bajo costo y para cualquier edad. Esto fue posible gracias al apoyo&hellip;","_links":{"self":[{"href":"https:\/\/arquerosvirreyes.com\/index.php\/wp-json\/wp\/v2\/pages\/1922","targetHints":{"allow":["GET"]}}],"collection":[{"href":"https:\/\/arquerosvirreyes.com\/index.php\/wp-json\/wp\/v2\/pages"}],"about":[{"href":"https:\/\/arquerosvirreyes.com\/index.php\/wp-json\/wp\/v2\/types\/page"}],"author":[{"embeddable":true,"href":"https:\/\/arquerosvirreyes.com\/index.php\/wp-json\/wp\/v2\/users\/1"}],"replies":[{"embeddable":true,"href":"https:\/\/arquerosvirreyes.com\/index.php\/wp-json\/wp\/v2\/comments?post=1922"}],"version-history":[{"count":13,"href":"https:\/\/arquerosvirreyes.com\/index.php\/wp-json\/wp\/v2\/pages\/1922\/revisions"}],"predecessor-version":[{"id":1973,"href":"https:\/\/arquerosvirreyes.com\/index.php\/wp-json\/wp\/v2\/pages\/1922\/revisions\/1973"}],"wp:attachment":[{"href":"https:\/\/arquerosvirreyes.com\/index.php\/wp-json\/wp\/v2\/media?parent=1922"}],"curies":[{"name":"wp","href":"https:\/\/api.w.org\/{rel}","templated":true}]}}